{"id":4688,"date":"2021-02-18T23:51:11","date_gmt":"2021-02-18T23:51:11","guid":{"rendered":"https:\/\/tuulikolmio.fi\/?page_id=4688"},"modified":"2024-01-26T12:30:44","modified_gmt":"2024-01-26T12:30:44","slug":"tarina","status":"publish","type":"page","link":"https:\/\/tuulikolmio.fi\/en\/tarina\/","title":{"rendered":"History"},"content":{"rendered":"<p>Suomalainen tuulivoiman kehitysyhti\u00f6 Tuulikolmio on kymmeness\u00e4 vuodessa kasvanut Suomen johtavaksi tuulivoimakehitt\u00e4j\u00e4ksi. Tavoitteenamme kehitt\u00e4\u00e4, omistaa ja operoida 2030MW tuulivoimakapasiteettia vuoteen 2028 menness\u00e4. Tuulivoiman vahvuuksiin on alusta asti kuulunut vahva alueellinen yhteisty\u00f6, kest\u00e4vien hankeratkaisujen luominen sek\u00e4 vankka arvopohja.<\/p>\n<div class=\"wp-block-columns\"><\/div>\n<div class=\"wp-block-cooltimeline-timeline-block\">\n<div class=\"ctl-instant-timeline block-1613722190925 both-sided\" style=\"--timelinecolor: #D91B3E; --textcolor: #898989; --titlesize: 18px; --descriptionsize: 14px; --timesize: 18px;\">\n<div class=\"timeline-content\">\n<div class=\"ctl-row\">\n<div class=\"ctl-col-6\">\n<div class=\"story-time\">\n<div style=\"color: #898989; font-size: 18px;\">2021<\/div>\n<\/div>\n<\/div>\n<div class=\"ctl-col-6\">\n<div class=\"story-details\">\n<div class=\"story-image\"><\/div>\n<h3 style=\"color: #898989; font-size: 18px; line-height: 24.12px;\">The wind triangle participates in the development of the hydrogen economy in Finland<\/h3>\n<p style=\"color: #898989; font-size: 14px; line-height: 24.22px;\">\n<\/div>\n<\/div>\n<\/div>\n<\/div>\n<div class=\"timeline-content\">\n<div class=\"ctl-row\">\n<div class=\"ctl-col-6\">\n<div class=\"story-details\">\n<div class=\"story-image\"><\/div>\n<h3 style=\"color: #898989; font-size: 18px; line-height: 24.12px;\">Tuulikolmio begins to cooperate <a href=\"https:\/\/www.ox2.com\/\">OX2<\/a>to develop a project portfolio<\/h3>\n<p style=\"color: #898989; font-size: 14px; line-height: 24.22px;\">\n<\/div>\n<\/div>\n<div class=\"ctl-col-6\">\n<div class=\"story-time\">\n<div style=\"color: #898989; font-size: 18px;\">2020<\/div>\n<\/div>\n<\/div>\n<\/div>\n<\/div>\n<div class=\"timeline-content\">\n<div class=\"ctl-row\">\n<div class=\"ctl-col-6\">\n<div class=\"story-time\">\n<div style=\"color: #898989; font-size: 18px;\">2018<\/div>\n<\/div>\n<\/div>\n<div class=\"ctl-col-6\">\n<div class=\"story-details\">\n<div class=\"story-image\"><\/div>\n<h3 style=\"color: #898989; font-size: 18px; line-height: 24.12px;\" class=\"translation-block\">Wind Triangle collaborates with <a href=\"https:\/\/www.aquila-capital.de\/\" target=\"_self\" rel=\"noreferrer noopener\" class=\"link-hover\"> Aquila Capital <\/a> to build Mastokangas Wind Farm<\/h3>\n<p style=\"color: #898989; font-size: 14px; line-height: 24.22px;\">\n<\/div>\n<\/div>\n<\/div>\n<\/div>\n<div class=\"timeline-content\">\n<div class=\"ctl-row\">\n<div class=\"ctl-col-6\">\n<div class=\"story-details\">\n<div class=\"story-image\"><\/div>\n<h3 style=\"color: #898989; font-size: 18px; line-height: 24.12px;\" class=\"translation-block\"><a href=\"https:\/\/infraventus.com\/\" target=\"_self\" rel=\"noreferrer noopener\"> Infraventus <\/a> integrates InfraMalta into its group<\/h3>\n<p style=\"color: #898989; font-size: 14px; line-height: 24.22px;\">\n<\/div>\n<\/div>\n<div class=\"ctl-col-6\">\n<div class=\"story-time\">\n<div style=\"color: #898989; font-size: 18px;\">2016<\/div>\n<\/div>\n<\/div>\n<\/div>\n<\/div>\n<div class=\"timeline-content\">\n<div class=\"ctl-row\">\n<div class=\"ctl-col-6\">\n<div class=\"story-time\">\n<div style=\"color: #898989; font-size: 18px;\">2012<\/div>\n<\/div>\n<\/div>\n<div class=\"ctl-col-6\">\n<div class=\"story-details\">\n<div class=\"story-image\"><\/div>\n<h3 style=\"color: #898989; font-size: 18px; line-height: 24.12px;\">The development of nine projects began in Finland<\/h3>\n<p style=\"color: #898989; font-size: 14px; line-height: 24.22px;\">\n<\/div>\n<\/div>\n<\/div>\n<\/div>\n<div class=\"timeline-content\">\n<div class=\"ctl-row\">\n<div class=\"ctl-col-6\">\n<div class=\"story-details\">\n<div class=\"story-image\"><\/div>\n<h3 style=\"color: #898989; font-size: 18px; line-height: 24.12px;\">Tuulikolmio was established in Finland<\/h3>\n<p style=\"color: #898989; font-size: 14px; line-height: 24.22px;\">\n<\/div>\n<\/div>\n<div class=\"ctl-col-6\">\n<div class=\"story-time\">\n<div style=\"color: #898989; font-size: 18px;\">2011<\/div>\n<\/div>\n<\/div>\n<\/div>\n<\/div>\n<div class=\"timeline-content\">\n<div class=\"ctl-row\">\n<div class=\"ctl-col-6\">\n<div class=\"story-time\">\n<div style=\"color: #898989; font-size: 18px;\">2008<\/div>\n<\/div>\n<\/div>\n<div class=\"ctl-col-6\">\n<div class=\"story-details\">\n<div class=\"story-image\"><\/div>\n<h3 style=\"color: #898989; font-size: 18px; line-height: 24.12px;\" class=\"translation-block\">Grupo Enersis grew into one of Europe's largest private wind power developers. <br> Grupo Enersis name was changed to <a href=\"https:\/\/infraventus.com\/\" target=\"_self\" rel=\"noreferrer noopener\" class=\"\"> Infraventus Lda <\/a>.<\/h3>\n<p style=\"color: #898989; font-size: 14px; line-height: 24.22px;\">\n<\/div>\n<\/div>\n<\/div>\n<\/div>\n<div class=\"timeline-content\">\n<div class=\"ctl-row\">\n<div class=\"ctl-col-6\">\n<div class=\"story-details\">\n<div class=\"story-image\"><\/div>\n<h3 style=\"color: #898989; font-size: 18px; line-height: 24.12px;\">Wind power development on the Iberian Peninsula<\/h3>\n<p style=\"color: #898989; font-size: 14px; line-height: 24.22px;\">\n<\/div>\n<\/div>\n<div class=\"ctl-col-6\">\n<div class=\"story-time\">\n<div style=\"color: #898989; font-size: 18px;\">1995 &#8211; 2005<\/div>\n<\/div>\n<\/div>\n<\/div>\n<\/div>\n<div class=\"timeline-content\">\n<div class=\"ctl-row\">\n<div class=\"ctl-col-6\">\n<div class=\"story-time\">\n<div style=\"color: #898989; font-size: 18px;\">1988<\/div>\n<\/div>\n<\/div>\n<div class=\"ctl-col-6\">\n<div class=\"story-details\">\n<div class=\"story-image\"><\/div>\n<h3 style=\"color: #898989; font-size: 18px; line-height: 24.12px;\">Grupo Enersis began developing renewable energy with hydropower in Portugal<\/h3>\n<\/div>\n<\/div>\n<\/div>\n<\/div>\n<\/div>\n<\/div>","protected":false},"excerpt":{"rendered":"<p>Suomalainen tuulivoiman kehitysyhti\u00f6 Tuulikolmio on kymmeness\u00e4 vuodessa kasvanut Suomen johtavaksi tuulivoimakehitt\u00e4j\u00e4ksi. Tavoitteenamme kehitt\u00e4\u00e4, omistaa ja operoida 2030MW tuulivoimakapasiteettia vuoteen 2028 menness\u00e4. Tuulivoiman vahvuuksiin on alusta asti kuulunut vahva alueellinen yhteisty\u00f6, kest\u00e4vien hankeratkaisujen luominen sek\u00e4 vankka arvopohja. 2021 Tuulikolmio osallistuu vetytalouden kehitt\u00e4miseen Suomessa Tuulikolmio aloittaa yhteisty\u00f6n OX2:n kanssa hankeportfolion kehitt\u00e4miseksi 2020 2018 Tuulikolmio solmii yhteisty\u00f6n Aquila&hellip;<\/p>","protected":false},"author":2,"featured_media":4551,"parent":0,"menu_order":0,"comment_status":"closed","ping_status":"closed","template":"","meta":{"_acf_changed":false,"footnotes":""},"class_list":["post-4688","page","type-page","status-publish","has-post-thumbnail","hentry"],"acf":[],"jetpack_sharing_enabled":true,"_links":{"self":[{"href":"https:\/\/tuulikolmio.fi\/en\/wp-json\/wp\/v2\/pages\/4688","targetHints":{"allow":["GET"]}}],"collection":[{"href":"https:\/\/tuulikolmio.fi\/en\/wp-json\/wp\/v2\/pages"}],"about":[{"href":"https:\/\/tuulikolmio.fi\/en\/wp-json\/wp\/v2\/types\/page"}],"author":[{"embeddable":true,"href":"https:\/\/tuulikolmio.fi\/en\/wp-json\/wp\/v2\/users\/2"}],"replies":[{"embeddable":true,"href":"https:\/\/tuulikolmio.fi\/en\/wp-json\/wp\/v2\/comments?post=4688"}],"version-history":[{"count":1,"href":"https:\/\/tuulikolmio.fi\/en\/wp-json\/wp\/v2\/pages\/4688\/revisions"}],"predecessor-version":[{"id":7236,"href":"https:\/\/tuulikolmio.fi\/en\/wp-json\/wp\/v2\/pages\/4688\/revisions\/7236"}],"wp:featuredmedia":[{"embeddable":true,"href":"https:\/\/tuulikolmio.fi\/en\/wp-json\/wp\/v2\/media\/4551"}],"wp:attachment":[{"href":"https:\/\/tuulikolmio.fi\/en\/wp-json\/wp\/v2\/media?parent=4688"}],"curies":[{"name":"wp","href":"https:\/\/api.w.org\/{rel}","templated":true}]}}