{"id":2359,"date":"2015-03-13T11:22:09","date_gmt":"2015-03-13T11:22:09","guid":{"rendered":"http:\/\/demo-content.kaliumtheme.com\/main\/?page_id=2359"},"modified":"2024-10-30T06:37:12","modified_gmt":"2024-10-30T06:37:12","slug":"toimintamalli","status":"publish","type":"page","link":"https:\/\/tuulikolmio.fi\/en\/toimintamalli\/","title":{"rendered":"Operating model"},"content":{"rendered":"<div class=\"wpb-content-wrapper\"><div class=\"vc-row-container container\"><div class=\"vc_row wpb_row vc_row-fluid\"><div class=\"wpb_column vc_column_container vc_col-sm-12\"><div class=\"vc_column-inner\"><div class=\"wpb_wrapper\"><div class=\"section-title\">\n    <h1>Operating model and principles<\/h1>\n<\/div><\/div><\/div><\/div><\/div><\/div><div class=\"vc-row-container container\"><div class=\"vc_row wpb_row vc_row-fluid vc_custom_1614106197597 vc_row-o-equal-height vc_row-o-content-middle vc_row-flex\"><div class=\"no-margin-desktop wpb_column vc_column_container vc_col-sm-6\"><div class=\"vc_column-inner vc_custom_1504614963272\"><div class=\"wpb_wrapper\">\n\t<div  class=\"wpb_single_image wpb_content_element vc_align_left wpb_content_element\">\n\t\t\n\t\t<figure class=\"wpb_wrapper vc_figure\">\n\t\t\t<div class=\"vc_single_image-wrapper   vc_box_border_grey\"><img loading=\"lazy\" decoding=\"async\" width=\"945\" height=\"589\" src=\"https:\/\/i0.wp.com\/tuulikolmio.fi\/wp-content\/uploads\/2021\/03\/wpd-windmanager-scandinavia-oy-4-3-scaled-1.jpeg?fit=945%2C589&amp;ssl=1\" class=\"vc_single_image-img attachment-large\" alt=\"\" title=\"wpd-windmanager-Scandinavia-oy-4-3-scaled\" srcset=\"https:\/\/i0.wp.com\/tuulikolmio.fi\/wp-content\/uploads\/2021\/03\/wpd-windmanager-scandinavia-oy-4-3-scaled-1.jpeg?w=2048&amp;ssl=1 2048w, https:\/\/i0.wp.com\/tuulikolmio.fi\/wp-content\/uploads\/2021\/03\/wpd-windmanager-scandinavia-oy-4-3-scaled-1.jpeg?resize=300%2C187&amp;ssl=1 300w, https:\/\/i0.wp.com\/tuulikolmio.fi\/wp-content\/uploads\/2021\/03\/wpd-windmanager-scandinavia-oy-4-3-scaled-1.jpeg?resize=768%2C479&amp;ssl=1 768w, https:\/\/i0.wp.com\/tuulikolmio.fi\/wp-content\/uploads\/2021\/03\/wpd-windmanager-scandinavia-oy-4-3-scaled-1.jpeg?resize=1536%2C957&amp;ssl=1 1536w, https:\/\/i0.wp.com\/tuulikolmio.fi\/wp-content\/uploads\/2021\/03\/wpd-windmanager-scandinavia-oy-4-3-scaled-1.jpeg?resize=16%2C10&amp;ssl=1 16w, https:\/\/i0.wp.com\/tuulikolmio.fi\/wp-content\/uploads\/2021\/03\/wpd-windmanager-scandinavia-oy-4-3-scaled-1.jpeg?resize=1612%2C1004&amp;ssl=1 1612w, https:\/\/i0.wp.com\/tuulikolmio.fi\/wp-content\/uploads\/2021\/03\/wpd-windmanager-scandinavia-oy-4-3-scaled-1.jpeg?resize=1116%2C695&amp;ssl=1 1116w, https:\/\/i0.wp.com\/tuulikolmio.fi\/wp-content\/uploads\/2021\/03\/wpd-windmanager-scandinavia-oy-4-3-scaled-1.jpeg?resize=806%2C502&amp;ssl=1 806w, https:\/\/i0.wp.com\/tuulikolmio.fi\/wp-content\/uploads\/2021\/03\/wpd-windmanager-scandinavia-oy-4-3-scaled-1.jpeg?resize=558%2C348&amp;ssl=1 558w, https:\/\/i0.wp.com\/tuulikolmio.fi\/wp-content\/uploads\/2021\/03\/wpd-windmanager-scandinavia-oy-4-3-scaled-1.jpeg?resize=655%2C408&amp;ssl=1 655w, https:\/\/i0.wp.com\/tuulikolmio.fi\/wp-content\/uploads\/2021\/03\/wpd-windmanager-scandinavia-oy-4-3-scaled-1.jpeg?resize=550%2C343&amp;ssl=1 550w, https:\/\/i0.wp.com\/tuulikolmio.fi\/wp-content\/uploads\/2021\/03\/wpd-windmanager-scandinavia-oy-4-3-scaled-1.jpeg?resize=820%2C511&amp;ssl=1 820w, https:\/\/i0.wp.com\/tuulikolmio.fi\/wp-content\/uploads\/2021\/03\/wpd-windmanager-scandinavia-oy-4-3-scaled-1.jpeg?resize=1024%2C638&amp;ssl=1 1024w, https:\/\/i0.wp.com\/tuulikolmio.fi\/wp-content\/uploads\/2021\/03\/wpd-windmanager-scandinavia-oy-4-3-scaled-1.jpeg?resize=600%2C374&amp;ssl=1 600w, https:\/\/i0.wp.com\/tuulikolmio.fi\/wp-content\/uploads\/2021\/03\/wpd-windmanager-scandinavia-oy-4-3-scaled-1.jpeg?w=1890&amp;ssl=1 1890w\" sizes=\"auto, (max-width: 945px) 100vw, 945px\" \/><\/div>\n\t\t<\/figure>\n\t<\/div>\n<\/div><\/div><\/div><div class=\"wpb_column vc_column_container vc_col-sm-6\"><div class=\"vc_column-inner vc_custom_1426247184186\"><div class=\"wpb_wrapper\"><div class=\"icon-box-container  vc_custom_1613837586564\">\n\t\n\t<div class=\"icon-box-content text-alignment-left  special-title-approach\">\n    <h3>\n\t\t\t\t\tLocal company\t\t    <\/h3>\n\n    <div class=\"box-content-p\">\n\t\t<p>The project company is always established locally, in which case the municipal share of the corporate tax remains in the home municipality. In all our activities, we strive to support the development of local well-being and employment.<\/p>\n    <\/div>\n<\/div><div class=\"icon-box-content text-alignment-left  special-title-approach\">\n    <h3>\n\t\t\t\t\tLocal employment\t\t    <\/h3>\n\n    <div class=\"box-content-p\">\n\t\t<p>We primarily employ local consultants to promote projects to ensure measurements, woodwork, surveys and maintenance.<\/p>\n    <\/div>\n<\/div>\t\n<\/div><\/div><\/div><\/div><\/div><\/div><div class=\"vc-row-container container parent--reverse-cols-mobile\"><div class=\"vc_row wpb_row vc_row-fluid reverse-cols-mobile vc_custom_1614108028459 vc_rtl-columns-reverse vc_row-o-equal-height vc_row-o-content-middle vc_row-flex\"><div class=\"wpb_column vc_column_container vc_col-sm-6\"><div class=\"vc_column-inner\"><div class=\"wpb_wrapper\"><div class=\"icon-box-container  vc_custom_1613837569500\">\n\t\n\t<div class=\"icon-box-content text-alignment-left  special-title-approach\">\n    <h3>\n\t\t\t\t\tCommunity land lease model\t\t    <\/h3>\n\n    <div class=\"box-content-p\">\n\t\t<p>Tuulikolmio was the first to enforce a community land lease agreement, in which, in addition to site-specific rent payments, we pay rent to landowners throughout the wind farm.<\/p>\n    <\/div>\n<\/div>\t\n<\/div><\/div><\/div><\/div><div class=\"no-margin-desktop wpb_column vc_column_container vc_col-sm-6\"><div class=\"vc_column-inner vc_custom_1614106374241\"><div class=\"wpb_wrapper\">\n\t<div  class=\"wpb_single_image wpb_content_element vc_align_right wpb_content_element\">\n\t\t\n\t\t<figure class=\"wpb_wrapper vc_figure\">\n\t\t\t<div class=\"vc_single_image-wrapper   vc_box_border_grey\"><img loading=\"lazy\" decoding=\"async\" width=\"945\" height=\"532\" src=\"https:\/\/i0.wp.com\/tuulikolmio.fi\/wp-content\/uploads\/revslider\/video-media\/1060491031-hd_6.jpeg?fit=945%2C532&amp;ssl=1\" class=\"vc_single_image-img attachment-large\" alt=\"\" title=\"1060491031-hd_6.jpeg\" srcset=\"https:\/\/i0.wp.com\/tuulikolmio.fi\/wp-content\/uploads\/revslider\/video-media\/1060491031-hd_6.jpeg?w=1920&amp;ssl=1 1920w, https:\/\/i0.wp.com\/tuulikolmio.fi\/wp-content\/uploads\/revslider\/video-media\/1060491031-hd_6.jpeg?resize=300%2C169&amp;ssl=1 300w, https:\/\/i0.wp.com\/tuulikolmio.fi\/wp-content\/uploads\/revslider\/video-media\/1060491031-hd_6.jpeg?resize=768%2C432&amp;ssl=1 768w, https:\/\/i0.wp.com\/tuulikolmio.fi\/wp-content\/uploads\/revslider\/video-media\/1060491031-hd_6.jpeg?resize=1536%2C864&amp;ssl=1 1536w, https:\/\/i0.wp.com\/tuulikolmio.fi\/wp-content\/uploads\/revslider\/video-media\/1060491031-hd_6.jpeg?resize=16%2C9&amp;ssl=1 16w, https:\/\/i0.wp.com\/tuulikolmio.fi\/wp-content\/uploads\/revslider\/video-media\/1060491031-hd_6.jpeg?resize=1612%2C907&amp;ssl=1 1612w, https:\/\/i0.wp.com\/tuulikolmio.fi\/wp-content\/uploads\/revslider\/video-media\/1060491031-hd_6.jpeg?resize=1116%2C628&amp;ssl=1 1116w, https:\/\/i0.wp.com\/tuulikolmio.fi\/wp-content\/uploads\/revslider\/video-media\/1060491031-hd_6.jpeg?resize=806%2C453&amp;ssl=1 806w, https:\/\/i0.wp.com\/tuulikolmio.fi\/wp-content\/uploads\/revslider\/video-media\/1060491031-hd_6.jpeg?resize=558%2C314&amp;ssl=1 558w, https:\/\/i0.wp.com\/tuulikolmio.fi\/wp-content\/uploads\/revslider\/video-media\/1060491031-hd_6.jpeg?resize=655%2C368&amp;ssl=1 655w, https:\/\/i0.wp.com\/tuulikolmio.fi\/wp-content\/uploads\/revslider\/video-media\/1060491031-hd_6.jpeg?resize=550%2C309&amp;ssl=1 550w, https:\/\/i0.wp.com\/tuulikolmio.fi\/wp-content\/uploads\/revslider\/video-media\/1060491031-hd_6.jpeg?resize=820%2C461&amp;ssl=1 820w, https:\/\/i0.wp.com\/tuulikolmio.fi\/wp-content\/uploads\/revslider\/video-media\/1060491031-hd_6.jpeg?resize=1024%2C576&amp;ssl=1 1024w\" sizes=\"auto, (max-width: 945px) 100vw, 945px\" \/><\/div>\n\t\t<\/figure>\n\t<\/div>\n<\/div><\/div><\/div><\/div><\/div><div class=\"vc-row-container container\"><div class=\"vc_row wpb_row vc_row-fluid vc_custom_1614106245683 vc_row-o-equal-height vc_row-o-content-middle vc_row-flex\"><div class=\"no-margin-desktop wpb_column vc_column_container vc_col-sm-6\"><div class=\"vc_column-inner vc_custom_1504614965762\"><div class=\"wpb_wrapper\">\n\t<div  class=\"wpb_single_image wpb_content_element vc_align_left wpb_content_element\">\n\t\t\n\t\t<figure class=\"wpb_wrapper vc_figure\">\n\t\t\t<div class=\"vc_single_image-wrapper   vc_box_border_grey\"><img loading=\"lazy\" decoding=\"async\" width=\"945\" height=\"532\" src=\"https:\/\/i0.wp.com\/tuulikolmio.fi\/wp-content\/uploads\/revslider\/video-media\/1067290957-hd_8.jpeg?fit=945%2C532&amp;ssl=1\" class=\"vc_single_image-img attachment-large\" alt=\"\" title=\"1067290957-hd_8.jpeg\" srcset=\"https:\/\/i0.wp.com\/tuulikolmio.fi\/wp-content\/uploads\/revslider\/video-media\/1067290957-hd_8.jpeg?w=1920&amp;ssl=1 1920w, https:\/\/i0.wp.com\/tuulikolmio.fi\/wp-content\/uploads\/revslider\/video-media\/1067290957-hd_8.jpeg?resize=300%2C169&amp;ssl=1 300w, https:\/\/i0.wp.com\/tuulikolmio.fi\/wp-content\/uploads\/revslider\/video-media\/1067290957-hd_8.jpeg?resize=768%2C432&amp;ssl=1 768w, https:\/\/i0.wp.com\/tuulikolmio.fi\/wp-content\/uploads\/revslider\/video-media\/1067290957-hd_8.jpeg?resize=1536%2C864&amp;ssl=1 1536w, https:\/\/i0.wp.com\/tuulikolmio.fi\/wp-content\/uploads\/revslider\/video-media\/1067290957-hd_8.jpeg?resize=16%2C9&amp;ssl=1 16w, https:\/\/i0.wp.com\/tuulikolmio.fi\/wp-content\/uploads\/revslider\/video-media\/1067290957-hd_8.jpeg?resize=1612%2C907&amp;ssl=1 1612w, https:\/\/i0.wp.com\/tuulikolmio.fi\/wp-content\/uploads\/revslider\/video-media\/1067290957-hd_8.jpeg?resize=1116%2C628&amp;ssl=1 1116w, https:\/\/i0.wp.com\/tuulikolmio.fi\/wp-content\/uploads\/revslider\/video-media\/1067290957-hd_8.jpeg?resize=806%2C453&amp;ssl=1 806w, https:\/\/i0.wp.com\/tuulikolmio.fi\/wp-content\/uploads\/revslider\/video-media\/1067290957-hd_8.jpeg?resize=558%2C314&amp;ssl=1 558w, https:\/\/i0.wp.com\/tuulikolmio.fi\/wp-content\/uploads\/revslider\/video-media\/1067290957-hd_8.jpeg?resize=655%2C368&amp;ssl=1 655w, https:\/\/i0.wp.com\/tuulikolmio.fi\/wp-content\/uploads\/revslider\/video-media\/1067290957-hd_8.jpeg?resize=550%2C309&amp;ssl=1 550w, https:\/\/i0.wp.com\/tuulikolmio.fi\/wp-content\/uploads\/revslider\/video-media\/1067290957-hd_8.jpeg?resize=820%2C461&amp;ssl=1 820w, https:\/\/i0.wp.com\/tuulikolmio.fi\/wp-content\/uploads\/revslider\/video-media\/1067290957-hd_8.jpeg?resize=1024%2C576&amp;ssl=1 1024w\" sizes=\"auto, (max-width: 945px) 100vw, 945px\" \/><\/div>\n\t\t<\/figure>\n\t<\/div>\n<\/div><\/div><\/div><div class=\"wpb_column vc_column_container vc_col-sm-6\"><div class=\"vc_column-inner\"><div class=\"wpb_wrapper\"><div class=\"icon-box-container  vc_custom_1613837549781\">\n\t\n\t<div class=\"icon-box-content text-alignment-left\">\n    <h3>\n\t\t\t\t\tBenefits of wind power for the municipality and landowners\t\t    <\/h3>\n\n    <div class=\"box-content-p\">\n\t\t    <\/div>\n<\/div><div class=\"icon-box-content text-alignment-left  special-title-approach\">\n    <h3>\n\t\t\t\t\tLand rental income\t\t    <\/h3>\n\n    <div class=\"box-content-p\">\n\t\t<p>Wind farms will be built on leased land, for which a thirty-year land lease will be entered into. Under the agreements, an annual rent is paid that is a multiple of the wood yield, indexed to the entire term of the land lease.<\/p>\n    <\/div>\n<\/div><div class=\"icon-box-content text-alignment-left  special-title-approach\">\n    <h3>\n\t\t\t\t\tStronger road network\t\t    <\/h3>\n\n    <div class=\"box-content-p\">\n\t\t<p>Transporting the installation phase of wind farms requires a significant investment in the local road network - These investments also support local agricultural and forestry activities. The result of the development of the road network by the wind triangle is available to everyone: it increases the local road network, improves the condition of the existing one - this is how we create safety and better connections for everyone.<\/p>\n    <\/div>\n<\/div>\t\n<\/div><\/div><\/div><\/div><\/div><\/div><div class=\"vc-row-container container parent--reverse-cols-mobile\"><div class=\"vc_row wpb_row vc_row-fluid reverse-cols-mobile vc_custom_1614108088069 vc_rtl-columns-reverse vc_row-o-equal-height vc_row-o-content-middle vc_row-flex\"><div class=\"no-margin-desktop wpb_column vc_column_container vc_col-sm-6\"><div class=\"vc_column-inner vc_custom_1504614965762\"><div class=\"wpb_wrapper\"><div class=\"icon-box-container  vc_custom_1614107438815\">\n\t\n\t<div class=\"icon-box-content text-alignment-left  special-title-approach\">\n    <h3>\n\t\t\t\t\tReal estate appreciation\t\t    <\/h3>\n\n    <div class=\"box-content-p\">\n\t\t<p>Long-term, indexed land leases yield many times as much as traditional agricultural and forestry land returns. A fixed lease increases the value of the land.<\/p>\n    <\/div>\n<\/div><div class=\"icon-box-content text-alignment-left  special-title-approach\">\n    <h3>\n\t\t\t\t\tSignificant local investment\t\t    <\/h3>\n\n    <div class=\"box-content-p\">\n\t\t<p>The investment cost of wind farms in Finland is approximately EUR 1\u20131.4 million per megawatt. As a result, the wind farms developed by Tuulikolmio always involve investments of several tens of millions in the municipalities where the parks will be built.<\/p>\n    <\/div>\n<\/div><div class=\"icon-box-content text-alignment-left  special-title-approach\">\n    <h3>\n\t\t\t\t\tImpact on employment\t\t    <\/h3>\n\n    <div class=\"box-content-p\">\n\t\t<p>Wind farms require operating and maintenance personnel as well as a maintenance network. Larger wind farms also bring with them separate investments and jobs from equipment suppliers. In our projects, we always strive to utilize local know-how and manpower.<\/p>\n    <\/div>\n<\/div>\t\n<\/div><\/div><\/div><\/div><div class=\"no-margin-desktop wpb_column vc_column_container vc_col-sm-6\"><div class=\"vc_column-inner\"><div class=\"wpb_wrapper\">\n\t<div  class=\"wpb_single_image wpb_content_element vc_align_left wpb_content_element\">\n\t\t\n\t\t<figure class=\"wpb_wrapper vc_figure\">\n\t\t\t<div class=\"vc_single_image-wrapper   vc_box_border_grey\"><img loading=\"lazy\" decoding=\"async\" width=\"650\" height=\"366\" src=\"https:\/\/i0.wp.com\/tuulikolmio.fi\/wp-content\/uploads\/layerslider\/Video-Slider\/timel.jpg?fit=650%2C366&amp;ssl=1\" class=\"vc_single_image-img attachment-large\" alt=\"\" title=\"timel\" srcset=\"https:\/\/i0.wp.com\/tuulikolmio.fi\/wp-content\/uploads\/layerslider\/Video-Slider\/timel.jpg?w=650&amp;ssl=1 650w, https:\/\/i0.wp.com\/tuulikolmio.fi\/wp-content\/uploads\/layerslider\/Video-Slider\/timel.jpg?resize=300%2C169&amp;ssl=1 300w, https:\/\/i0.wp.com\/tuulikolmio.fi\/wp-content\/uploads\/layerslider\/Video-Slider\/timel.jpg?resize=16%2C9&amp;ssl=1 16w, https:\/\/i0.wp.com\/tuulikolmio.fi\/wp-content\/uploads\/layerslider\/Video-Slider\/timel.jpg?resize=558%2C314&amp;ssl=1 558w, https:\/\/i0.wp.com\/tuulikolmio.fi\/wp-content\/uploads\/layerslider\/Video-Slider\/timel.jpg?resize=550%2C310&amp;ssl=1 550w\" sizes=\"auto, (max-width: 650px) 100vw, 650px\" \/><\/div>\n\t\t<\/figure>\n\t<\/div>\n<\/div><\/div><\/div><\/div><\/div><div class=\"vc-row-container container\"><div class=\"vc_row wpb_row vc_row-fluid vc_custom_1614106276643 vc_row-o-equal-height vc_row-o-content-middle vc_row-flex\"><div class=\"no-margin-desktop wpb_column vc_column_container vc_col-sm-6\"><div class=\"vc_column-inner vc_custom_1614106666762\"><div class=\"wpb_wrapper\">\n\t<div  class=\"wpb_single_image wpb_content_element vc_align_left wpb_content_element\">\n\t\t\n\t\t<figure class=\"wpb_wrapper vc_figure\">\n\t\t\t<div class=\"vc_single_image-wrapper   vc_box_border_grey\"><img loading=\"lazy\" decoding=\"async\" width=\"945\" height=\"530\" src=\"https:\/\/i0.wp.com\/tuulikolmio.fi\/wp-content\/uploads\/2021\/02\/VidThumb3.png?fit=945%2C530&amp;ssl=1\" class=\"vc_single_image-img attachment-large\" alt=\"\" title=\"VidThumb3\" srcset=\"https:\/\/i0.wp.com\/tuulikolmio.fi\/wp-content\/uploads\/2021\/02\/VidThumb3.png?w=1199&amp;ssl=1 1199w, https:\/\/i0.wp.com\/tuulikolmio.fi\/wp-content\/uploads\/2021\/02\/VidThumb3.png?resize=300%2C168&amp;ssl=1 300w, https:\/\/i0.wp.com\/tuulikolmio.fi\/wp-content\/uploads\/2021\/02\/VidThumb3.png?resize=768%2C430&amp;ssl=1 768w, https:\/\/i0.wp.com\/tuulikolmio.fi\/wp-content\/uploads\/2021\/02\/VidThumb3.png?resize=16%2C9&amp;ssl=1 16w, https:\/\/i0.wp.com\/tuulikolmio.fi\/wp-content\/uploads\/2021\/02\/VidThumb3.png?resize=1116%2C625&amp;ssl=1 1116w, https:\/\/i0.wp.com\/tuulikolmio.fi\/wp-content\/uploads\/2021\/02\/VidThumb3.png?resize=806%2C452&amp;ssl=1 806w, https:\/\/i0.wp.com\/tuulikolmio.fi\/wp-content\/uploads\/2021\/02\/VidThumb3.png?resize=558%2C313&amp;ssl=1 558w, https:\/\/i0.wp.com\/tuulikolmio.fi\/wp-content\/uploads\/2021\/02\/VidThumb3.png?resize=655%2C367&amp;ssl=1 655w, https:\/\/i0.wp.com\/tuulikolmio.fi\/wp-content\/uploads\/2021\/02\/VidThumb3.png?resize=550%2C308&amp;ssl=1 550w, https:\/\/i0.wp.com\/tuulikolmio.fi\/wp-content\/uploads\/2021\/02\/VidThumb3.png?resize=820%2C460&amp;ssl=1 820w, https:\/\/i0.wp.com\/tuulikolmio.fi\/wp-content\/uploads\/2021\/02\/VidThumb3.png?resize=1024%2C574&amp;ssl=1 1024w, https:\/\/i0.wp.com\/tuulikolmio.fi\/wp-content\/uploads\/2021\/02\/VidThumb3.png?resize=600%2C336&amp;ssl=1 600w\" sizes=\"auto, (max-width: 945px) 100vw, 945px\" \/><\/div>\n\t\t<\/figure>\n\t<\/div>\n<\/div><\/div><\/div><div class=\"wpb_column vc_column_container vc_col-sm-6\"><div class=\"vc_column-inner\"><div class=\"wpb_wrapper\"><div class=\"icon-box-container  vc_custom_1613837515421\">\n\t\n\t<div class=\"icon-box-content text-alignment-left\">\n    <h3>\n\t\t\t\t\tMinimizing the disadvantages of wind power construction\t\t    <\/h3>\n\n    <div class=\"box-content-p\">\n\t\t    <\/div>\n<\/div><div class=\"icon-box-content text-alignment-left  special-title-approach\">\n    <h3>\n\t\t\t\t\tNoise and visual nuisance \/ 1 km protection zone\t\t    <\/h3>\n\n    <div class=\"box-content-p\">\n\t\t<p>The wind triangle always builds wind farms at least one kilometer from the nearest settlement, which means that the noise nuisance has been completely eliminated and the visual nuisance is significantly reduced.<\/p>\n    <\/div>\n<\/div><div class=\"icon-box-content text-alignment-left  special-title-approach\">\n    <h3>\n\t\t\t\t\tUtilizing the latest technology\t\t    <\/h3>\n\n    <div class=\"box-content-p\">\n\t\t<p>K\u00e4ytt\u00e4m\u00e4ll\u00e4 uusinta mallinnus- ja tuulivoimateknologiaa, pystymme tehokkaasti minimoimaan tuulivoimaloiden aiheuttaman meluhaitan ja v\u00e4hent\u00e4m\u00e4\u00e4n visuaalista haittaa merkitt\u00e4v\u00e4sti (muun muassa v\u00e4lkevaikutus).<\/p>\n    <\/div>\n<\/div>\t\n<\/div><\/div><\/div><\/div><\/div><\/div><div class=\"vc-row-container container parent--reverse-cols-mobile\"><div class=\"vc_row wpb_row vc_row-fluid reverse-cols-mobile vc_custom_1614108108529 vc_rtl-columns-reverse vc_row-o-equal-height vc_row-o-content-middle vc_row-flex\"><div class=\"no-margin-desktop wpb_column vc_column_container vc_col-sm-6\"><div class=\"vc_column-inner vc_custom_1504614965762\"><div class=\"wpb_wrapper\"><div class=\"icon-box-container  vc_custom_1613837499750\">\n\t\n\t<div class=\"icon-box-content text-alignment-left  special-title-approach\">\n    <h3>\n\t\t\t\t\tUtilization of existing power lines\t\t    <\/h3>\n\n    <div class=\"box-content-p\">\n\t\t<p>Tuulikolmio projects are always placed in locations where the existing power line network and the capacity in them can be utilized as efficiently as possible. The wind triangle always builds as few new power lines as possible.<\/p>\n    <\/div>\n<\/div>\t\n<\/div><\/div><\/div><\/div><div class=\"no-margin-desktop wpb_column vc_column_container vc_col-sm-6\"><div class=\"vc_column-inner\"><div class=\"wpb_wrapper\">\n\t<div  class=\"wpb_single_image wpb_content_element vc_align_left wpb_content_element\">\n\t\t\n\t\t<figure class=\"wpb_wrapper vc_figure\">\n\t\t\t<div class=\"vc_single_image-wrapper   vc_box_border_grey\"><img loading=\"lazy\" decoding=\"async\" width=\"636\" height=\"358\" src=\"https:\/\/i0.wp.com\/tuulikolmio.fi\/wp-content\/uploads\/2021\/02\/taivas636x358.jpg?fit=636%2C358&amp;ssl=1\" class=\"vc_single_image-img attachment-large\" alt=\"\" title=\"the sky636x358\" srcset=\"https:\/\/i0.wp.com\/tuulikolmio.fi\/wp-content\/uploads\/2021\/02\/taivas636x358.jpg?w=636&amp;ssl=1 636w, https:\/\/i0.wp.com\/tuulikolmio.fi\/wp-content\/uploads\/2021\/02\/taivas636x358.jpg?resize=300%2C169&amp;ssl=1 300w, https:\/\/i0.wp.com\/tuulikolmio.fi\/wp-content\/uploads\/2021\/02\/taivas636x358.jpg?resize=16%2C9&amp;ssl=1 16w, https:\/\/i0.wp.com\/tuulikolmio.fi\/wp-content\/uploads\/2021\/02\/taivas636x358.jpg?resize=558%2C314&amp;ssl=1 558w, https:\/\/i0.wp.com\/tuulikolmio.fi\/wp-content\/uploads\/2021\/02\/taivas636x358.jpg?resize=550%2C310&amp;ssl=1 550w, https:\/\/i0.wp.com\/tuulikolmio.fi\/wp-content\/uploads\/2021\/02\/taivas636x358.jpg?resize=600%2C338&amp;ssl=1 600w\" sizes=\"auto, (max-width: 636px) 100vw, 636px\" \/><\/div>\n\t\t<\/figure>\n\t<\/div>\n<\/div><\/div><\/div><\/div><\/div>\n<\/div>","protected":false},"excerpt":{"rendered":"Operating model and principles Local company The project company is always established locally, in which case the municipal share of the corporate tax remains in the home municipality. In all our activities, we strive to support the development of local well-being and employment. Local Employment We primarily employ local consultants to promote projects to ensure measurements, woodwork, surveys and maintenance. Community land lease model Tuulikolmio was the first to enforce a community land lease agreement, in which, in addition to the site-specific rent payment, we pay rent for the entire area of the wind farm\u2026","protected":false},"author":2,"featured_media":0,"parent":0,"menu_order":0,"comment_status":"open","ping_status":"open","template":"","meta":{"_acf_changed":false,"footnotes":""},"class_list":["post-2359","page","type-page","status-publish","hentry"],"acf":[],"jetpack_sharing_enabled":true,"_links":{"self":[{"href":"https:\/\/tuulikolmio.fi\/en\/wp-json\/wp\/v2\/pages\/2359","targetHints":{"allow":["GET"]}}],"collection":[{"href":"https:\/\/tuulikolmio.fi\/en\/wp-json\/wp\/v2\/pages"}],"about":[{"href":"https:\/\/tuulikolmio.fi\/en\/wp-json\/wp\/v2\/types\/page"}],"author":[{"embeddable":true,"href":"https:\/\/tuulikolmio.fi\/en\/wp-json\/wp\/v2\/users\/2"}],"replies":[{"embeddable":true,"href":"https:\/\/tuulikolmio.fi\/en\/wp-json\/wp\/v2\/comments?post=2359"}],"version-history":[{"count":1,"href":"https:\/\/tuulikolmio.fi\/en\/wp-json\/wp\/v2\/pages\/2359\/revisions"}],"predecessor-version":[{"id":7175,"href":"https:\/\/tuulikolmio.fi\/en\/wp-json\/wp\/v2\/pages\/2359\/revisions\/7175"}],"wp:attachment":[{"href":"https:\/\/tuulikolmio.fi\/en\/wp-json\/wp\/v2\/media?parent=2359"}],"curies":[{"name":"wp","href":"https:\/\/api.w.org\/{rel}","templated":true}]}}