{"id":2340,"date":"2015-03-13T09:29:27","date_gmt":"2015-03-13T09:29:27","guid":{"rendered":"http:\/\/demo-content.kaliumtheme.com\/main\/?page_id=2340"},"modified":"2024-10-22T14:11:28","modified_gmt":"2024-10-22T14:11:28","slug":"miksi-tuulivoimaa","status":"publish","type":"page","link":"https:\/\/tuulikolmio.fi\/en\/miksi-tuulivoimaa\/","title":{"rendered":"Why Wind Power?"},"content":{"rendered":"<div class=\"wpb-content-wrapper\"><div class=\"vc-row-container container\"><div class=\"vc_row wpb_row vc_row-fluid\"><div class=\"wpb_column vc_column_container vc_col-sm-12\"><div class=\"vc_column-inner\"><div class=\"wpb_wrapper\"><div class=\"section-title\">\n    <h1>Why wind power?<\/h1>\n<\/div>\n\t<div class=\"wpb_text_column wpb_content_element post-formatting\" >\n\t\t<div class=\"wpb_wrapper\">\n\t\t\t<p>Wind power is a local business that enables low-cost and nationwide decentralized energy production. Local energy production also ensures energy self-sufficiency: it is a clean and affordable form of energy production.<\/p>\n<p>Lis\u00e4tietoja hankkeiden kehitt\u00e4misest\u00e4 l\u00f6ytyy <a href=\"https:\/\/tuulikolmio.fi\/en\/hankkeet\/\" target=\"_blank\" rel=\"noopener\">Hankkeet -sivuilta<\/a>.<\/p>\n\n\t\t<\/div>\n\t<\/div>\n<\/div><\/div><\/div><\/div><\/div><div class=\"vc-row-container container\"><div class=\"vc_row wpb_row vc_row-fluid\"><div class=\"wpb_column vc_column_container vc_col-sm-7\"><div class=\"vc_column-inner\"><div class=\"wpb_wrapper\">\n\t<div  class=\"wpb_single_image wpb_content_element vc_align_left wpb_content_element\">\n\t\t\n\t\t<figure class=\"wpb_wrapper vc_figure\">\n\t\t\t<div class=\"vc_single_image-wrapper   vc_box_border_grey\"><img loading=\"lazy\" decoding=\"async\" width=\"626\" height=\"626\" src=\"https:\/\/i0.wp.com\/tuulikolmio.fi\/wp-content\/uploads\/2021\/02\/wind-turbine-concept-illustration_114360-2800.jpg?fit=626%2C626&amp;ssl=1\" class=\"vc_single_image-img attachment-full\" alt=\"\" title=\"wind-turbine-concept-illustration_114360-2800\" srcset=\"https:\/\/i0.wp.com\/tuulikolmio.fi\/wp-content\/uploads\/2021\/02\/wind-turbine-concept-illustration_114360-2800.jpg?w=626&amp;ssl=1 626w, https:\/\/i0.wp.com\/tuulikolmio.fi\/wp-content\/uploads\/2021\/02\/wind-turbine-concept-illustration_114360-2800.jpg?resize=300%2C300&amp;ssl=1 300w, https:\/\/i0.wp.com\/tuulikolmio.fi\/wp-content\/uploads\/2021\/02\/wind-turbine-concept-illustration_114360-2800.jpg?resize=150%2C150&amp;ssl=1 150w, https:\/\/i0.wp.com\/tuulikolmio.fi\/wp-content\/uploads\/2021\/02\/wind-turbine-concept-illustration_114360-2800.jpg?resize=12%2C12&amp;ssl=1 12w, https:\/\/i0.wp.com\/tuulikolmio.fi\/wp-content\/uploads\/2021\/02\/wind-turbine-concept-illustration_114360-2800.jpg?resize=468%2C468&amp;ssl=1 468w, https:\/\/i0.wp.com\/tuulikolmio.fi\/wp-content\/uploads\/2021\/02\/wind-turbine-concept-illustration_114360-2800.jpg?resize=558%2C558&amp;ssl=1 558w, https:\/\/i0.wp.com\/tuulikolmio.fi\/wp-content\/uploads\/2021\/02\/wind-turbine-concept-illustration_114360-2800.jpg?resize=550%2C550&amp;ssl=1 550w, https:\/\/i0.wp.com\/tuulikolmio.fi\/wp-content\/uploads\/2021\/02\/wind-turbine-concept-illustration_114360-2800.jpg?resize=220%2C220&amp;ssl=1 220w, https:\/\/i0.wp.com\/tuulikolmio.fi\/wp-content\/uploads\/2021\/02\/wind-turbine-concept-illustration_114360-2800.jpg?resize=266%2C266&amp;ssl=1 266w, https:\/\/i0.wp.com\/tuulikolmio.fi\/wp-content\/uploads\/2021\/02\/wind-turbine-concept-illustration_114360-2800.jpg?resize=35%2C35&amp;ssl=1 35w, https:\/\/i0.wp.com\/tuulikolmio.fi\/wp-content\/uploads\/2021\/02\/wind-turbine-concept-illustration_114360-2800.jpg?resize=600%2C600&amp;ssl=1 600w\" sizes=\"auto, (max-width: 626px) 100vw, 626px\" \/><\/div>\n\t\t<\/figure>\n\t<\/div>\n<\/div><\/div><\/div><div class=\"wpb_column vc_column_container vc_col-sm-5\"><div class=\"vc_column-inner vc_custom_1426245583297\"><div class=\"wpb_wrapper\"><div class=\"icon-box-container\">\n\t\n\t<div class=\"icon-box-content text-alignment-left\">\n    <h3>\n\t\t\t\t\tEnergy self - sufficiency\t\t    <\/h3>\n\n    <div class=\"box-content-p\">\n\t\t<p>By producing energy locally, we ensure Finland&#039;s energy self-sufficiency and at the same time reduce its dependence on imported energy. By investing locally in its own, domestic energy production, Tuulikolmio also contributes to ensuring and maintaining national security.<\/p>\n    <\/div>\n<\/div>\t\n<\/div><div class=\"vc_row wpb_row vc_inner vc_row-fluid\"><div class=\"wpb_column vc_column_container vc_col-sm-12\"><div class=\"vc_column-inner\"><div class=\"wpb_wrapper\"><\/div><\/div><\/div><\/div><div class=\"icon-box-container\">\n\t\n\t<div class=\"icon-box-content text-alignment-left\">\n    <h3>\n\t\t\t\t\tAffordable energy production\t\t    <\/h3>\n\n    <div class=\"box-content-p\">\n\t\t<p>In addition to its cleanliness and renewable values, wind power is currently the most affordable, sustainable form of energy production. In addition, wind power is the only form of energy production in Finland that does not receive state subsidies or tax breaks. Increasing wind power production in Finland is in everyone&#039;s interest!<\/p>\n    <\/div>\n<\/div>\t\n<\/div><div class=\"vc_row wpb_row vc_inner vc_row-fluid\"><div class=\"wpb_column vc_column_container vc_col-sm-12\"><div class=\"vc_column-inner\"><div class=\"wpb_wrapper\"><\/div><\/div><\/div><\/div><div class=\"icon-box-container\">\n\t\n\t<div class=\"icon-box-content text-alignment-left\">\n    <h3>\n\t\t\t\t\tSignificant investments in municipalities and residents\t\t    <\/h3>\n\n    <div class=\"box-content-p\">\n\t\t<p>The impact of wind power investments and the property taxes they generate on the municipal economy is significant. In addition to paying taxes, the wind power industry creates jobs and extensive subcontracting networks throughout the life cycle of the wind farm.<\/p>\n    <\/div>\n<\/div>\t\n<\/div><\/div><\/div><\/div><\/div><\/div>\n<\/div>","protected":false},"excerpt":{"rendered":"Miksi tuulivoimaa? Tuulivoima on paikallista liiketoimintaa, jolla mahdollistetaan edullinen ja valtakunnallisesti hajautettu energiantuotanto. Paikallisella energiantuotannolla varmistetaan my\u00f6s energiaomavaraisuus: se on puhdas ja edullinen energiantuotantomuoto. Lis\u00e4tietoja hankkeiden kehitt\u00e4misest\u00e4 l\u00f6ytyy Hankkeet -sivuilta. Energiaomavaraisuus Tuottamalla energiaa paikallisesti varmistamme Suomen energiaomavaraisuuden ja v\u00e4henn\u00e4mme samalla riippuvuutta tuontienergiasta. Sijoittamalla paikallisesti omaan, kotimaiseen energiantuotantoon Tuulikolmio my\u00f6s osallistuu kansallisen turvallisuuden varmistamiseen ja yll\u00e4pitoon.&hellip;","protected":false},"author":2,"featured_media":0,"parent":0,"menu_order":0,"comment_status":"closed","ping_status":"closed","template":"","meta":{"_acf_changed":false,"footnotes":""},"class_list":["post-2340","page","type-page","status-publish","hentry"],"acf":[],"jetpack_sharing_enabled":true,"_links":{"self":[{"href":"https:\/\/tuulikolmio.fi\/en\/wp-json\/wp\/v2\/pages\/2340","targetHints":{"allow":["GET"]}}],"collection":[{"href":"https:\/\/tuulikolmio.fi\/en\/wp-json\/wp\/v2\/pages"}],"about":[{"href":"https:\/\/tuulikolmio.fi\/en\/wp-json\/wp\/v2\/types\/page"}],"author":[{"embeddable":true,"href":"https:\/\/tuulikolmio.fi\/en\/wp-json\/wp\/v2\/users\/2"}],"replies":[{"embeddable":true,"href":"https:\/\/tuulikolmio.fi\/en\/wp-json\/wp\/v2\/comments?post=2340"}],"version-history":[{"count":3,"href":"https:\/\/tuulikolmio.fi\/en\/wp-json\/wp\/v2\/pages\/2340\/revisions"}],"predecessor-version":[{"id":7161,"href":"https:\/\/tuulikolmio.fi\/en\/wp-json\/wp\/v2\/pages\/2340\/revisions\/7161"}],"wp:attachment":[{"href":"https:\/\/tuulikolmio.fi\/en\/wp-json\/wp\/v2\/media?parent=2340"}],"curies":[{"name":"wp","href":"https:\/\/api.w.org\/{rel}","templated":true}]}}