{"id":2261,"date":"2015-03-12T16:17:44","date_gmt":"2015-03-12T16:17:44","guid":{"rendered":"http:\/\/demo-content.kaliumtheme.com\/main\/?page_id=2261"},"modified":"2026-01-19T10:54:43","modified_gmt":"2026-01-19T10:54:43","slug":"yhteystiedot","status":"publish","type":"page","link":"https:\/\/tuulikolmio.fi\/en\/yhteystiedot\/","title":{"rendered":"Contact Us"},"content":{"rendered":"<div class=\"wpb-content-wrapper\"><div class=\"vc-row-container container\"><div class=\"vc_row wpb_row vc_row-fluid\"><div class=\"wpb_column vc_column_container vc_col-sm-4\"><div class=\"vc_column-inner\"><div class=\"wpb_wrapper\">\n\t<div class=\"wpb_text_column wpb_content_element post-formatting\" >\n\t\t<div class=\"wpb_wrapper\">\n\t\t\t<h3>Contact Us<\/h3>\n<p>Contact us either using the contact form or by sending an email to:<\/p>\n<p>Jenni Juutinen (projektiassistentti)<\/p>\n<p><a href=\"mailto:info@tuulikolmio.fi\">info@tuulikolmio.fi<\/a><\/p>\n<p>020 778 9130<\/p>\n\n\t\t<\/div>\n\t<\/div>\n\n\t<div class=\"wpb_text_column wpb_content_element post-formatting\" >\n\t\t<div class=\"wpb_wrapper\">\n\t\t\t<h3>Address<\/h3>\n<p>Tuulikolmio Oy<br \/>\nTekniikantie 14<br \/>\n02150 Espoo<\/p>\n\n\t\t<\/div>\n\t<\/div>\n\n\t<div class=\"wpb_text_column wpb_content_element post-formatting\" >\n\t\t<div class=\"wpb_wrapper\">\n\t\t\t<p><strong>Billing information<\/strong><\/p>\n<p>Tuulikolmio Oy<br \/>\nPL 62430<br \/>\n00021 BILLING<\/p>\n<p>E-invoice address<br \/>\n003725083279<br \/>\nApix Messaging Oy (003723327487)<\/p>\n\n\t\t<\/div>\n\t<\/div>\n<\/div><\/div><\/div><div class=\"wpb_column vc_column_container vc_col-sm-8\"><div class=\"vc_column-inner\"><div class=\"wpb_wrapper\"><div class=\"lab-contact-form contact-form\">\n\n\t<form action=\"\" method=\"post\" class=\"contact-form\" id=\"el_69eaf5e3dfa3f\" data-alerts=\"0\" data-alerts-msg=\"Please fill &quot;%&quot; field.\" data-privacy-error-msg=\"You must check privacy policy checkbox in order to submit the form.\" novalidate data-trp-original-action=\"\">\n\n\t\t<div class=\"row\">\n\n    \t\t<div class=\"col-sm-6\">\n\t\t\t\t<div class=\"form-group labeled-input-row\">\n\t\t\t\t\t\t\t\t\t\t<label for=\"el_69eaf5e3dfa3f_name\">Name<\/label>\n\t\t\t\t\t\t\t\t\t\t<input name=\"name\" id=\"el_69eaf5e3dfa3f_name\" type=\"text\" placeholder=\"\" data-label=\"Nimi\">\n\t\t\t\t<\/div>\n    \t\t<\/div>\n\n\t\t\t<div class=\"col-sm-6\">\n\t\t\t\t<div class=\"form-group labeled-input-row\">\n\t\t\t\t\t\t\t\t\t\t<label for=\"el_69eaf5e3dfa3f_email\">E-mail<\/label>\n\t\t\t\t\t\t\t\t\t\t<input name=\"email\" id=\"el_69eaf5e3dfa3f_email\" type=\"email\" placeholder=\"\" data-label=\"S\u00e4hk\u00f6posti\">\n\t\t\t\t<\/div>\n\t\t\t<\/div>\n\n\t\t\t\n\t\t\t<div class=\"col-sm-12\">\n\t\t\t\t<div class=\"form-group labeled-textarea-row\">\n\t\t\t\t\t\t\t\t\t\t<label for=\"el_69eaf5e3dfa3f_message\">Message<\/label>\n\t\t\t\t\t\t\t\t\t\t<textarea name=\"message\" id=\"el_69eaf5e3dfa3f_message\" placeholder=\"\" data-label=\"Viesti\"><\/textarea>\n\t\t\t\t<\/div>\n\t\t\t<\/div>\n\n\t\t<\/div><!-- row -->\n\n\t\t\t\t\t<div class=\"form-group contact-form-recaptcha\">\n\n\t\t\t\t\n\t\t\t<\/div>\n\t\t\n\t\t\t\t\t<div class=\"form-group contact-form-privacy-policy\">\n\n\t\t\t\t<label>\n\t\t\t\t\t<input type=\"checkbox\" name=\"privacy_policy_check\" \/>\n\t\t\t\t\t<span>I have read and accepted <a href=\"#\">terms of use<\/a> *<\/span>\n\t\t\t\t<\/label>\n\n\t\t\t<\/div>\n\t\t\n\t\t<button type=\"submit\" name=\"send\" class=\"button\">\n\t\t\t<span class=\"pre-submit\">Send Message<\/span>\n\t\t\t<span class=\"success-msg\">Thanks, your message has been sent! We will contact you as soon as possible. <i class=\"flaticon-verification24\"><\/i><\/span>\n\t\t\t<span class=\"loading-bar\">\n\t\t\t\t<span><\/span>\n\t\t\t<\/span>\n\t\t<\/button>\n\n\t<input type=\"hidden\" name=\"trp-form-language\" value=\"en\"\/><\/form>\n\n<\/div><\/div><\/div><\/div><\/div><\/div>\n<\/div>","protected":false},"excerpt":{"rendered":"Yhteystiedot Ota meihin yhteytt\u00e4 joko yhteydenottolomakkeella tai l\u00e4hett\u00e4m\u00e4ll\u00e4 s\u00e4hk\u00f6postia osoitteeseen: Jenni Juutinen (projektiassistentti) info@tuulikolmio.fi 020 778 9130 Osoite Tuulikolmio Oy Tekniikantie 14 02150 Espoo Laskutustiedot Tuulikolmio Oy PL 62430 00021 LASKUTUS Verkkolaskuosoite 003725083279 Apix Messaging Oy (003723327487) Nimi S\u00e4hk\u00f6posti Viesti Olen lukenut ja hyv\u00e4ksynyt k\u00e4ytt\u00f6ehdot * L\u00e4het\u00e4 viesti Kiitos, viestisi l\u00e4hetetty! Olemme sinuun yhteydess\u00e4 mahdollisimman&hellip;","protected":false},"author":2,"featured_media":0,"parent":0,"menu_order":0,"comment_status":"closed","ping_status":"closed","template":"","meta":{"_acf_changed":false,"footnotes":""},"class_list":["post-2261","page","type-page","status-publish","hentry"],"acf":[],"jetpack_sharing_enabled":true,"_links":{"self":[{"href":"https:\/\/tuulikolmio.fi\/en\/wp-json\/wp\/v2\/pages\/2261","targetHints":{"allow":["GET"]}}],"collection":[{"href":"https:\/\/tuulikolmio.fi\/en\/wp-json\/wp\/v2\/pages"}],"about":[{"href":"https:\/\/tuulikolmio.fi\/en\/wp-json\/wp\/v2\/types\/page"}],"author":[{"embeddable":true,"href":"https:\/\/tuulikolmio.fi\/en\/wp-json\/wp\/v2\/users\/2"}],"replies":[{"embeddable":true,"href":"https:\/\/tuulikolmio.fi\/en\/wp-json\/wp\/v2\/comments?post=2261"}],"version-history":[{"count":7,"href":"https:\/\/tuulikolmio.fi\/en\/wp-json\/wp\/v2\/pages\/2261\/revisions"}],"predecessor-version":[{"id":7154,"href":"https:\/\/tuulikolmio.fi\/en\/wp-json\/wp\/v2\/pages\/2261\/revisions\/7154"}],"wp:attachment":[{"href":"https:\/\/tuulikolmio.fi\/en\/wp-json\/wp\/v2\/media?parent=2261"}],"curies":[{"name":"wp","href":"https:\/\/api.w.org\/{rel}","templated":true}]}}