{"id":2167,"date":"2015-03-12T14:52:34","date_gmt":"2015-03-12T14:52:34","guid":{"rendered":"http:\/\/demo-content.kaliumtheme.com\/main\/?page_id=2167"},"modified":"2024-10-22T14:05:22","modified_gmt":"2024-10-22T14:05:22","slug":"tietoa-meista","status":"publish","type":"page","link":"https:\/\/tuulikolmio.fi\/en\/tietoa-meista\/","title":{"rendered":"About Us"},"content":{"rendered":"<div class=\"wpb-content-wrapper\"><div class=\"vc-row-container container\"><div class=\"vc_row wpb_row vc_row-fluid\"><div class=\"wpb_column vc_column_container vc_col-sm-12\"><div class=\"vc_column-inner\"><div class=\"wpb_wrapper\"><div class=\"section-title\">\n    <h1>Information about us<\/h1>\n<p>Tuulikolmio is a Finnish expert company in wind power development. For more than a decade, we have been working on wind power and developing projects that bring investments to Finland and improve regional well-being and employment. Our goal is to support the achievement of Finland&#039;s energy independence.<\/p>\n<\/div><\/div><\/div><\/div><\/div><\/div><div class=\"vc-row-container container\"><div class=\"vc_row wpb_row vc_row-fluid\"><div class=\"wpb_column vc_column_container vc_col-sm-5\"><div class=\"vc_column-inner\"><div class=\"wpb_wrapper\">\n\t<div  class=\"wpb_single_image wpb_content_element vc_align_left wpb_content_element\">\n\t\t\n\t\t<figure class=\"wpb_wrapper vc_figure\">\n\t\t\t<div class=\"vc_single_image-wrapper   vc_box_border_grey\"><img loading=\"lazy\" decoding=\"async\" width=\"945\" height=\"630\" src=\"https:\/\/i0.wp.com\/tuulikolmio.fi\/wp-content\/uploads\/2022\/03\/Tuulivoima.jpeg?fit=945%2C630&amp;ssl=1\" class=\"vc_single_image-img attachment-large\" alt=\"\" title=\"Wind power\" srcset=\"https:\/\/i0.wp.com\/tuulikolmio.fi\/wp-content\/uploads\/2022\/03\/Tuulivoima.jpeg?w=2048&amp;ssl=1 2048w, https:\/\/i0.wp.com\/tuulikolmio.fi\/wp-content\/uploads\/2022\/03\/Tuulivoima.jpeg?resize=300%2C200&amp;ssl=1 300w, https:\/\/i0.wp.com\/tuulikolmio.fi\/wp-content\/uploads\/2022\/03\/Tuulivoima.jpeg?resize=768%2C512&amp;ssl=1 768w, https:\/\/i0.wp.com\/tuulikolmio.fi\/wp-content\/uploads\/2022\/03\/Tuulivoima.jpeg?resize=1536%2C1024&amp;ssl=1 1536w, https:\/\/i0.wp.com\/tuulikolmio.fi\/wp-content\/uploads\/2022\/03\/Tuulivoima.jpeg?resize=18%2C12&amp;ssl=1 18w, https:\/\/i0.wp.com\/tuulikolmio.fi\/wp-content\/uploads\/2022\/03\/Tuulivoima.jpeg?resize=1612%2C1074&amp;ssl=1 1612w, https:\/\/i0.wp.com\/tuulikolmio.fi\/wp-content\/uploads\/2022\/03\/Tuulivoima.jpeg?resize=1116%2C744&amp;ssl=1 1116w, https:\/\/i0.wp.com\/tuulikolmio.fi\/wp-content\/uploads\/2022\/03\/Tuulivoima.jpeg?resize=806%2C537&amp;ssl=1 806w, https:\/\/i0.wp.com\/tuulikolmio.fi\/wp-content\/uploads\/2022\/03\/Tuulivoima.jpeg?resize=558%2C372&amp;ssl=1 558w, https:\/\/i0.wp.com\/tuulikolmio.fi\/wp-content\/uploads\/2022\/03\/Tuulivoima.jpeg?resize=655%2C437&amp;ssl=1 655w, https:\/\/i0.wp.com\/tuulikolmio.fi\/wp-content\/uploads\/2022\/03\/Tuulivoima.jpeg?resize=600%2C400&amp;ssl=1 600w, https:\/\/i0.wp.com\/tuulikolmio.fi\/wp-content\/uploads\/2022\/03\/Tuulivoima.jpeg?w=1890&amp;ssl=1 1890w\" sizes=\"auto, (max-width: 945px) 100vw, 945px\" \/><\/div>\n\t\t<\/figure>\n\t<\/div>\n<\/div><\/div><\/div><div class=\"wpb_column vc_column_container vc_col-sm-7\"><div class=\"vc_column-inner\"><div class=\"wpb_wrapper\"><div id=\"scrollbox-736255\" class=\"lab-scroll-box   vc_custom_1684221711820\" data-height=\"650\">\n\t\n\t<div class=\"lab-scroll-box-content\" style=\"max-height: 650px;\">\n\t\t\n\t\t<\/p>\n<h3>Tuulikolmio Oy<\/h3>\n<p>Tuulikolmio is a Finnish wind power developer founded in 2011 to implement the government&#039;s renewable energy and energy independence goals.<\/p>\n<p>The owners of the company founded Tuulikolmio Oy in 2011 in cooperation with the Portuguese Infraventus Group. Infraventus Group has been developing renewable energy since 1988.<\/p>\n<p>In 2008, Infraventus Group was one of the world&#039;s largest private renewable energy developers and was the first to deploy 1MW, 2MW, 3MW rated wind turbines in Europe.<\/p>\n<p>At the moment, Tuulitromiko has 1600 MW of wind power projects under development in Finland.<\/p>\n<p>Tavoitteenamme on kehitt\u00e4\u00e4, omistaa ja operoida 2GW tuulivoimakapasiteettia vuoteen 2030 menness\u00e4.<\/p>\n\t\t\n\t<\/div>\n\t\n<\/div><\/div><\/div><\/div><\/div><\/div>\n<\/div>","protected":false},"excerpt":{"rendered":"About us Tuulikolmio is a Finnish expert company in wind power development. For more than a decade, we have been working on wind power and developing projects that bring investments to Finland and improve regional well-being and employment. Our goal is to support the achievement of Finland&#039;s energy independence. Tuulikolmio Oy Tuulikolmio is a Finnish wind power developer that was founded in 2011 to implement the government&#039;s goals for renewable energy and energy independence. The owners of the company founded Tuulikolmio\u2026","protected":false},"author":2,"featured_media":0,"parent":0,"menu_order":0,"comment_status":"closed","ping_status":"closed","template":"","meta":{"_acf_changed":false,"footnotes":""},"class_list":["post-2167","page","type-page","status-publish","hentry"],"acf":[],"jetpack_sharing_enabled":true,"_links":{"self":[{"href":"https:\/\/tuulikolmio.fi\/en\/wp-json\/wp\/v2\/pages\/2167","targetHints":{"allow":["GET"]}}],"collection":[{"href":"https:\/\/tuulikolmio.fi\/en\/wp-json\/wp\/v2\/pages"}],"about":[{"href":"https:\/\/tuulikolmio.fi\/en\/wp-json\/wp\/v2\/types\/page"}],"author":[{"embeddable":true,"href":"https:\/\/tuulikolmio.fi\/en\/wp-json\/wp\/v2\/users\/2"}],"replies":[{"embeddable":true,"href":"https:\/\/tuulikolmio.fi\/en\/wp-json\/wp\/v2\/comments?post=2167"}],"version-history":[{"count":1,"href":"https:\/\/tuulikolmio.fi\/en\/wp-json\/wp\/v2\/pages\/2167\/revisions"}],"predecessor-version":[{"id":7158,"href":"https:\/\/tuulikolmio.fi\/en\/wp-json\/wp\/v2\/pages\/2167\/revisions\/7158"}],"wp:attachment":[{"href":"https:\/\/tuulikolmio.fi\/en\/wp-json\/wp\/v2\/media?parent=2167"}],"curies":[{"name":"wp","href":"https:\/\/api.w.org\/{rel}","templated":true}]}}