{"id":2154,"date":"2015-03-12T14:38:59","date_gmt":"2015-03-12T14:38:59","guid":{"rendered":"http:\/\/demo-content.kaliumtheme.com\/main\/?page_id=2154"},"modified":"2025-08-13T10:55:26","modified_gmt":"2025-08-13T10:55:26","slug":"operatiivinen-henkilosto","status":"publish","type":"page","link":"https:\/\/tuulikolmio.fi\/en\/operatiivinen-henkilosto\/","title":{"rendered":"Operational Personnel"},"content":{"rendered":"<div class=\"wpb-content-wrapper\"><div class=\"vc-row-container container\"><div class=\"vc_row wpb_row vc_row-fluid\"><div class=\"wpb_column vc_column_container vc_col-sm-12\"><div class=\"vc_column-inner\"><div class=\"wpb_wrapper\"><div class=\"section-title\">\n    <h2>Wind triangle operational staff<\/h2>\n<p>The experts of the wind triangle have years of experience and in-depth knowledge of the development of wind power projects in Finland and internationally. An extensive network of partners, energy expertise and a diverse understanding of the business environment make Tuulikolmio one of the leading players in its field.<\/p>\n<\/div><\/div><\/div><\/div><\/div><\/div><div class=\"vc-row-container container\"><div class=\"vc_row wpb_row vc_row-fluid vc_custom_1616187376588\"><div class=\"wpb_column vc_column_container vc_col-sm-6\"><div class=\"vc_column-inner\"><div class=\"wpb_wrapper\">\n\t<div class=\"wpb_text_column wpb_content_element post-formatting\" >\n\t\t<div class=\"wpb_wrapper\">\n\t\t\t<p><strong>Chief Operating Officer<\/strong><br \/>\nJussi Havia<br \/>\n+358 50 410 6382<br \/>\njussi.havia@tuulikolmio.fi<\/p>\n\n\t\t<\/div>\n\t<\/div>\n\n\t<div class=\"wpb_text_column wpb_content_element post-formatting\" >\n\t\t<div class=\"wpb_wrapper\">\n\t\t\t<p><strong>Director of Land Use<\/strong><br \/>\nTuomas Rautajoki<br \/>\n+358 50 470 2583<br \/>\ntuomas.rautajoki@tuulikolmio.fi<\/p>\n\n\t\t<\/div>\n\t<\/div>\n<\/div><\/div><\/div><div class=\"wpb_column vc_column_container vc_col-sm-6\"><div class=\"vc_column-inner\"><div class=\"wpb_wrapper\">\n\t<div class=\"wpb_text_column wpb_content_element post-formatting\" >\n\t\t<div class=\"wpb_wrapper\">\n\t\t\t<p><strong>Hankekehitysjohtaja<\/strong><br \/>\nSami Humala<br \/>\n+358 50 345 0357<br \/>\nsami.humala@tuulikolmio.fi<\/p>\n\n\t\t<\/div>\n\t<\/div>\n\n\t<div class=\"wpb_text_column wpb_content_element post-formatting\" >\n\t\t<div class=\"wpb_wrapper\">\n\t\t\t<p><strong>Maank\u00e4ytt\u00f6p\u00e4\u00e4llikk\u00f6<\/strong><br \/>\nKatja Haukipuro<br \/>\nkatja.haukipuro@tuulikolmio.fi<\/p>\n\n\t\t<\/div>\n\t<\/div>\n<\/div><\/div><\/div><\/div><\/div>\n<\/div>","protected":false},"excerpt":{"rendered":"Tuulikolmion operatiivinen henkil\u00f6st\u00f6 Tuulikolmion asiantuntijoilla on vuosien kokemus ja syv\u00e4llinen osaaminen tuulivoimahankkeiden kehitt\u00e4misest\u00e4 Suomessa ja kansainv\u00e4lisesti. Mittava yhteisty\u00f6kumppanien verkosto, energia-asiantuntemus sek\u00e4 monipuolinen liiketoimintaymp\u00e4rist\u00f6n ymm\u00e4rrys tekee Tuulikolmiosta yhden alansa k\u00e4rkitoimijoista. Operatiivinen johtaja Jussi Havia +358 50 410 6382 jussi.havia@tuulikolmio.fi Maank\u00e4ytt\u00f6johtaja Tuomas Rautajoki +358 50 470 2583 tuomas.rautajoki@tuulikolmio.fi Hankekehitysjohtaja Sami Humala +358 50 345 0357 sami.humala@tuulikolmio.fi Maank\u00e4ytt\u00f6p\u00e4\u00e4llikk\u00f6&hellip;","protected":false},"author":2,"featured_media":0,"parent":0,"menu_order":0,"comment_status":"closed","ping_status":"closed","template":"","meta":{"_acf_changed":false,"footnotes":""},"class_list":["post-2154","page","type-page","status-publish","hentry"],"acf":[],"jetpack_sharing_enabled":true,"_links":{"self":[{"href":"https:\/\/tuulikolmio.fi\/en\/wp-json\/wp\/v2\/pages\/2154","targetHints":{"allow":["GET"]}}],"collection":[{"href":"https:\/\/tuulikolmio.fi\/en\/wp-json\/wp\/v2\/pages"}],"about":[{"href":"https:\/\/tuulikolmio.fi\/en\/wp-json\/wp\/v2\/types\/page"}],"author":[{"embeddable":true,"href":"https:\/\/tuulikolmio.fi\/en\/wp-json\/wp\/v2\/users\/2"}],"replies":[{"embeddable":true,"href":"https:\/\/tuulikolmio.fi\/en\/wp-json\/wp\/v2\/comments?post=2154"}],"version-history":[{"count":6,"href":"https:\/\/tuulikolmio.fi\/en\/wp-json\/wp\/v2\/pages\/2154\/revisions"}],"predecessor-version":[{"id":7362,"href":"https:\/\/tuulikolmio.fi\/en\/wp-json\/wp\/v2\/pages\/2154\/revisions\/7362"}],"wp:attachment":[{"href":"https:\/\/tuulikolmio.fi\/en\/wp-json\/wp\/v2\/media?parent=2154"}],"curies":[{"name":"wp","href":"https:\/\/api.w.org\/{rel}","templated":true}]}}